{"id":10,"date":"2017-01-24T20:05:55","date_gmt":"2017-01-24T20:05:55","guid":{"rendered":"http:\/\/radsport-hochuli.ch\/?page_id=10"},"modified":"2021-02-02T16:06:33","modified_gmt":"2021-02-02T16:06:33","slug":"bekleidung","status":"publish","type":"page","link":"https:\/\/radsport-hochuli.ch\/?page_id=10","title":{"rendered":"Bekleidung"},"content":{"rendered":"<p align=\"justify\">Mit unserer eigenen Radbekleidung der Marke Parentini bedienen wir Sie gerne. Sie steht in diversen Gr\u00f6ssen zur Verf\u00fcgung. Top-Qualit\u00e4t im hauseigenen Design versprechen viel Spass und Komfort f\u00fcr die kommenden Ausfahrten. \u00dcberzeugen Sie sich selbst von diesem Super-Angebot.<\/p>\n<p align=\"justify\"><img loading=\"lazy\" decoding=\"async\" class=\"wp-image-148  aligncenter\" src=\"https:\/\/radsport-hochuli.ch\/wp-content\/uploads\/2017\/01\/preview-300x212.jpg\" width=\"691\" height=\"489\" srcset=\"https:\/\/radsport-hochuli.ch\/wp-content\/uploads\/2017\/01\/preview-300x212.jpg 300w, https:\/\/radsport-hochuli.ch\/wp-content\/uploads\/2017\/01\/preview-768x543.jpg 768w, https:\/\/radsport-hochuli.ch\/wp-content\/uploads\/2017\/01\/preview-1024x724.jpg 1024w, https:\/\/radsport-hochuli.ch\/wp-content\/uploads\/2017\/01\/preview.jpg 1107w\" sizes=\"auto, (max-width: 691px) 100vw, 691px\" \/><\/p>\n<p style=\"text-align: center;\" align=\"justify\">Langarmoberteil Fr.89.- statt Fr.140.- Kurzarm Setpreis Fr.149.- statt Fr.240.-<\/p>\n<p align=\"justify\">Weiter f\u00fchren wir auch Funktionsunterw\u00e4sche f\u00fcr Sommer und Winter sowie Regenjacken. Falls Sie etwas w\u00fcnschen, was wir nicht an Lager haben besorgen wir dies gerne f\u00fcr Sie. Unsere Lieferanten helfen uns, Ihnen einen Top-Service zu bieten.<\/p>\n","protected":false},"excerpt":{"rendered":"<p>Mit unserer eigenen Radbekleidung der Marke Parentini bedienen wir Sie gerne. Sie steht in diversen Gr\u00f6ssen zur Verf\u00fcgung. Top-Qualit\u00e4t im hauseigenen Design versprechen viel Spass und Komfort f\u00fcr die kommenden Ausfahrten. \u00dcberzeugen Sie sich selbst von diesem Super-Angebot. Langarmoberteil Fr.89.- statt Fr.140.- Kurzarm Setpreis Fr.149.- statt Fr.240.- Weiter f\u00fchren wir auch Funktionsunterw\u00e4sche f\u00fcr Sommer und [&hellip;]<\/p>\n","protected":false},"author":1,"featured_media":0,"parent":0,"menu_order":3,"comment_status":"closed","ping_status":"closed","template":"","meta":{"footnotes":""},"class_list":["post-10","page","type-page","status-publish","hentry"],"_links":{"self":[{"href":"https:\/\/radsport-hochuli.ch\/index.php?rest_route=\/wp\/v2\/pages\/10","targetHints":{"allow":["GET"]}}],"collection":[{"href":"https:\/\/radsport-hochuli.ch\/index.php?rest_route=\/wp\/v2\/pages"}],"about":[{"href":"https:\/\/radsport-hochuli.ch\/index.php?rest_route=\/wp\/v2\/types\/page"}],"author":[{"embeddable":true,"href":"https:\/\/radsport-hochuli.ch\/index.php?rest_route=\/wp\/v2\/users\/1"}],"replies":[{"embeddable":true,"href":"https:\/\/radsport-hochuli.ch\/index.php?rest_route=%2Fwp%2Fv2%2Fcomments&post=10"}],"version-history":[{"count":6,"href":"https:\/\/radsport-hochuli.ch\/index.php?rest_route=\/wp\/v2\/pages\/10\/revisions"}],"predecessor-version":[{"id":353,"href":"https:\/\/radsport-hochuli.ch\/index.php?rest_route=\/wp\/v2\/pages\/10\/revisions\/353"}],"wp:attachment":[{"href":"https:\/\/radsport-hochuli.ch\/index.php?rest_route=%2Fwp%2Fv2%2Fmedia&parent=10"}],"curies":[{"name":"wp","href":"https:\/\/api.w.org\/{rel}","templated":true}]}}