{"id":14,"date":"2017-01-24T20:08:24","date_gmt":"2017-01-24T20:08:24","guid":{"rendered":"http:\/\/radsport-hochuli.ch\/?page_id=14"},"modified":"2026-02-04T16:10:31","modified_gmt":"2026-02-04T16:10:31","slug":"dienstleistung","status":"publish","type":"page","link":"https:\/\/radsport-hochuli.ch\/?page_id=14","title":{"rendered":"Dienstleistung"},"content":{"rendered":"<h1 align=\"justify\">Unsere Dienstleistungen<\/h1>\n<p>&nbsp;<\/p>\n<p align=\"justify\">Fachliche Beratung und Verkauf von E-Bike, Fahrr\u00e4dern, MTB\u2019s, Gravel und Zubeh\u00f6r<\/p>\n<p>Reparaturen und Service<\/p>\n<p>Autorisierter Pr\u00fcf-Betrieb des Kanton Aargaus f\u00fcr Mofa und E-Bike Zulassungen<\/p>\n<p>Verkauf von Occasion- und Auslauf-Modellen diverser Marken<\/p>\n","protected":false},"excerpt":{"rendered":"<p>Unsere Dienstleistungen &nbsp; Fachliche Beratung und Verkauf von E-Bike, Fahrr\u00e4dern, MTB\u2019s, Gravel und Zubeh\u00f6r Reparaturen und Service Autorisierter Pr\u00fcf-Betrieb des Kanton Aargaus f\u00fcr Mofa und E-Bike Zulassungen Verkauf von Occasion- und Auslauf-Modellen diverser Marken<\/p>\n","protected":false},"author":1,"featured_media":462,"parent":0,"menu_order":4,"comment_status":"closed","ping_status":"closed","template":"","meta":{"footnotes":""},"class_list":["post-14","page","type-page","status-publish","has-post-thumbnail","hentry"],"_links":{"self":[{"href":"https:\/\/radsport-hochuli.ch\/index.php?rest_route=\/wp\/v2\/pages\/14","targetHints":{"allow":["GET"]}}],"collection":[{"href":"https:\/\/radsport-hochuli.ch\/index.php?rest_route=\/wp\/v2\/pages"}],"about":[{"href":"https:\/\/radsport-hochuli.ch\/index.php?rest_route=\/wp\/v2\/types\/page"}],"author":[{"embeddable":true,"href":"https:\/\/radsport-hochuli.ch\/index.php?rest_route=\/wp\/v2\/users\/1"}],"replies":[{"embeddable":true,"href":"https:\/\/radsport-hochuli.ch\/index.php?rest_route=%2Fwp%2Fv2%2Fcomments&post=14"}],"version-history":[{"count":4,"href":"https:\/\/radsport-hochuli.ch\/index.php?rest_route=\/wp\/v2\/pages\/14\/revisions"}],"predecessor-version":[{"id":677,"href":"https:\/\/radsport-hochuli.ch\/index.php?rest_route=\/wp\/v2\/pages\/14\/revisions\/677"}],"wp:featuredmedia":[{"embeddable":true,"href":"https:\/\/radsport-hochuli.ch\/index.php?rest_route=\/wp\/v2\/media\/462"}],"wp:attachment":[{"href":"https:\/\/radsport-hochuli.ch\/index.php?rest_route=%2Fwp%2Fv2%2Fmedia&parent=14"}],"curies":[{"name":"wp","href":"https:\/\/api.w.org\/{rel}","templated":true}]}}