{"id":19,"date":"2017-01-24T20:10:02","date_gmt":"2017-01-24T20:10:02","guid":{"rendered":"http:\/\/radsport-hochuli.ch\/?page_id=19"},"modified":"2023-01-17T09:22:59","modified_gmt":"2023-01-17T09:22:59","slug":"impressum","status":"publish","type":"page","link":"https:\/\/radsport-hochuli.ch\/?page_id=19","title":{"rendered":"Impressum"},"content":{"rendered":"<p>Verantwortlich f\u00fcr Inhalt und Angebot<\/p>\n<p>Radsport Hochuli GmbH<br \/>\nBruno Hochuli<br \/>\nHauptstrasse 54<br \/>\n5056 Attelwil<\/p>\n<p>Tel. ++41 (0)62 726 06 64<\/p>\n<p><strong>Rechtliche Hinweise, Haftungsausschluss<\/strong><\/p>\n<p align=\"justify\">Die Inhalte dieser Website wurden sorgf\u00e4ltig recherchiert und bearbeitet. Die Angaben dienen dennoch nur der unverbindlichen allgemeinen Information und ersetzen nicht eine eingehende und individuelle Beratung \u00fcber Angebot und Dienstleistungen. Es wird keine Garantie f\u00fcr die Aktualit\u00e4t, Richtigkeit und Vollst\u00e4ndigkeit der zur Verf\u00fcgung gestellten Informationen \u00fcbernommen. Wir behalten uns ausdr\u00fccklich das Recht vor, Teile der Website oder das gesamte Angebot ohne vorherige Ank\u00fcndigung zu ver\u00e4ndern.<br \/>\nBei Verweisen auf Angebote Dritter (Links) \u00fcbernehmen wir keine Verantwortung, diese liegt alleine beim Betreiber dieser Seiten.<\/p>\n","protected":false},"excerpt":{"rendered":"<p>Verantwortlich f\u00fcr Inhalt und Angebot Radsport Hochuli GmbH Bruno Hochuli Hauptstrasse 54 5056 Attelwil Tel. ++41 (0)62 726 06 64 Rechtliche Hinweise, Haftungsausschluss Die Inhalte dieser Website wurden sorgf\u00e4ltig recherchiert und bearbeitet. Die Angaben dienen dennoch nur der unverbindlichen allgemeinen Information und ersetzen nicht eine eingehende und individuelle Beratung \u00fcber Angebot und Dienstleistungen. Es wird [&hellip;]<\/p>\n","protected":false},"author":1,"featured_media":457,"parent":0,"menu_order":7,"comment_status":"closed","ping_status":"closed","template":"","meta":{"footnotes":""},"class_list":["post-19","page","type-page","status-publish","has-post-thumbnail","hentry"],"_links":{"self":[{"href":"https:\/\/radsport-hochuli.ch\/index.php?rest_route=\/wp\/v2\/pages\/19","targetHints":{"allow":["GET"]}}],"collection":[{"href":"https:\/\/radsport-hochuli.ch\/index.php?rest_route=\/wp\/v2\/pages"}],"about":[{"href":"https:\/\/radsport-hochuli.ch\/index.php?rest_route=\/wp\/v2\/types\/page"}],"author":[{"embeddable":true,"href":"https:\/\/radsport-hochuli.ch\/index.php?rest_route=\/wp\/v2\/users\/1"}],"replies":[{"embeddable":true,"href":"https:\/\/radsport-hochuli.ch\/index.php?rest_route=%2Fwp%2Fv2%2Fcomments&post=19"}],"version-history":[{"count":8,"href":"https:\/\/radsport-hochuli.ch\/index.php?rest_route=\/wp\/v2\/pages\/19\/revisions"}],"predecessor-version":[{"id":459,"href":"https:\/\/radsport-hochuli.ch\/index.php?rest_route=\/wp\/v2\/pages\/19\/revisions\/459"}],"wp:featuredmedia":[{"embeddable":true,"href":"https:\/\/radsport-hochuli.ch\/index.php?rest_route=\/wp\/v2\/media\/457"}],"wp:attachment":[{"href":"https:\/\/radsport-hochuli.ch\/index.php?rest_route=%2Fwp%2Fv2%2Fmedia&parent=19"}],"curies":[{"name":"wp","href":"https:\/\/api.w.org\/{rel}","templated":true}]}}