{"id":539,"date":"2024-04-16T03:07:04","date_gmt":"2024-04-16T03:07:04","guid":{"rendered":"https:\/\/radsport-hochuli.ch\/?page_id=539"},"modified":"2024-04-16T03:07:04","modified_gmt":"2024-04-16T03:07:04","slug":"geschichte","status":"publish","type":"page","link":"https:\/\/radsport-hochuli.ch\/?page_id=539","title":{"rendered":"Geschichte"},"content":{"rendered":"\n<p>Herzlich Willkommen auf der Homepage von der Radsport Hochuli GmbH. <br>Es freut uns, dass Sie uns besuchen und sich auf dieser Seite informieren.<br><br>Seit mehr als 30 Jahren repariert Bruno Hochuli, Inhaber von Radsport Hochuli, Fahrr\u00e4der aller Art. Was zuerst in einer Garage auf dem elterlichen Bauernhof begann, ist mittlerweile ein Gesch\u00e4ft mit moderner Werkstatt und einer ansehnlichen Verkaufsfl\u00e4che geworden. Als versierter Fachmann kann er Sie rund ums Fahrrad kompetent beraten und Reparaturen korrekt und effizient ausf\u00fchren. Durch die grosse Erfahrung und das enorme Wissen im Zweirad-Bereich konnte eine \u00fcberregionale Stammkundschaft aufgebaut werden, welche vom \u201ePoschti-Velo\u201c bis zum High-End-Rennrad alles zur Reparatur und zum Service bringt. Es wird aber nicht nur repariert, Sie k\u00f6nnen auch neue Fahrr\u00e4der und s\u00e4mtliches Zubeh\u00f6r kaufen. Diverse exklusive Marken-Vertretungen konnten im Laufe der letzten Jahre im Gesch\u00e4ft verankert werden, somit steht ein breites Sortiment zur Verf\u00fcgung was keine W\u00fcnsche offen l\u00e4sst.<br><br>Kommen Sie vorbei, wir zeigen Ihnen gerne die Neuheiten oder auch g\u00fcnstige Auslaufmodelle, ein Besuch lohnt sich auf jeden Fall.<br><br>Bruno Hochuli<\/p>\n","protected":false},"excerpt":{"rendered":"<p>Herzlich Willkommen auf der Homepage von der Radsport Hochuli GmbH. Es freut uns, dass Sie uns besuchen und sich auf dieser Seite informieren. Seit mehr als 30 Jahren repariert Bruno Hochuli, Inhaber von Radsport Hochuli, Fahrr\u00e4der aller Art. Was zuerst in einer Garage auf dem elterlichen Bauernhof begann, ist mittlerweile ein Gesch\u00e4ft mit moderner Werkstatt [&hellip;]<\/p>\n","protected":false},"author":1,"featured_media":463,"parent":0,"menu_order":0,"comment_status":"closed","ping_status":"closed","template":"","meta":{"footnotes":""},"class_list":["post-539","page","type-page","status-publish","has-post-thumbnail","hentry"],"_links":{"self":[{"href":"https:\/\/radsport-hochuli.ch\/index.php?rest_route=\/wp\/v2\/pages\/539","targetHints":{"allow":["GET"]}}],"collection":[{"href":"https:\/\/radsport-hochuli.ch\/index.php?rest_route=\/wp\/v2\/pages"}],"about":[{"href":"https:\/\/radsport-hochuli.ch\/index.php?rest_route=\/wp\/v2\/types\/page"}],"author":[{"embeddable":true,"href":"https:\/\/radsport-hochuli.ch\/index.php?rest_route=\/wp\/v2\/users\/1"}],"replies":[{"embeddable":true,"href":"https:\/\/radsport-hochuli.ch\/index.php?rest_route=%2Fwp%2Fv2%2Fcomments&post=539"}],"version-history":[{"count":1,"href":"https:\/\/radsport-hochuli.ch\/index.php?rest_route=\/wp\/v2\/pages\/539\/revisions"}],"predecessor-version":[{"id":540,"href":"https:\/\/radsport-hochuli.ch\/index.php?rest_route=\/wp\/v2\/pages\/539\/revisions\/540"}],"wp:featuredmedia":[{"embeddable":true,"href":"https:\/\/radsport-hochuli.ch\/index.php?rest_route=\/wp\/v2\/media\/463"}],"wp:attachment":[{"href":"https:\/\/radsport-hochuli.ch\/index.php?rest_route=%2Fwp%2Fv2%2Fmedia&parent=539"}],"curies":[{"name":"wp","href":"https:\/\/api.w.org\/{rel}","templated":true}]}}